{"id":1487,"date":"2025-04-28T16:58:25","date_gmt":"2025-04-28T16:58:25","guid":{"rendered":"https:\/\/flatflips.hu\/?page_id=1487"},"modified":"2025-04-30T16:19:45","modified_gmt":"2025-04-30T16:19:45","slug":"impresszum","status":"publish","type":"page","link":"https:\/\/flatflips.hu\/en\/impresszum\/","title":{"rendered":"Imprint"},"content":{"rendered":"<div data-elementor-type=\"wp-page\" data-elementor-id=\"1487\" class=\"elementor elementor-1487\" data-elementor-post-type=\"page\">\n\t\t\t\t<div class=\"elementor-element elementor-element-1eed9fd e-flex e-con-boxed e-con e-parent\" data-id=\"1eed9fd\" data-element_type=\"container\" data-e-type=\"container\">\n\t\t\t\t\t<div class=\"e-con-inner\">\n\t\t<div class=\"elementor-element elementor-element-584d7cb e-con-full e-flex e-con e-child\" data-id=\"584d7cb\" data-element_type=\"container\" data-e-type=\"container\">\n\t\t\t\t<div class=\"elementor-element elementor-element-7d0e5a8 elementor-widget elementor-widget-spacer\" data-id=\"7d0e5a8\" data-element_type=\"widget\" data-e-type=\"widget\" data-widget_type=\"spacer.default\">\n\t\t\t\t<div class=\"elementor-widget-container\">\n\t\t\t\t\t\t\t<div class=\"elementor-spacer\">\n\t\t\t<div class=\"elementor-spacer-inner\"><\/div>\n\t\t<\/div>\n\t\t\t\t\t\t<\/div>\n\t\t\t\t<\/div>\n\t\t\t\t<div class=\"elementor-element elementor-element-0929506 elementor-widget elementor-widget-heading\" data-id=\"0929506\" data-element_type=\"widget\" data-e-type=\"widget\" data-widget_type=\"heading.default\">\n\t\t\t\t<div class=\"elementor-widget-container\">\n\t\t\t\t\t<h2 class=\"elementor-heading-title elementor-size-default\">IMPRINT<\/h2>\t\t\t\t<\/div>\n\t\t\t\t<\/div>\n\t\t\t\t<div class=\"elementor-element elementor-element-9c90715 elementor-widget-divider--view-line elementor-widget elementor-widget-divider\" data-id=\"9c90715\" data-element_type=\"widget\" data-e-type=\"widget\" data-widget_type=\"divider.default\">\n\t\t\t\t<div class=\"elementor-widget-container\">\n\t\t\t\t\t\t\t<div class=\"elementor-divider\">\n\t\t\t<span class=\"elementor-divider-separator\">\n\t\t\t\t\t\t<\/span>\n\t\t<\/div>\n\t\t\t\t\t\t<\/div>\n\t\t\t\t<\/div>\n\t\t\t\t<\/div>\n\t\t\t\t\t<\/div>\n\t\t\t\t<\/div>\n\t\t<div class=\"elementor-element elementor-element-d274531 e-flex e-con-boxed e-con e-parent\" data-id=\"d274531\" data-element_type=\"container\" data-e-type=\"container\">\n\t\t\t\t\t<div class=\"e-con-inner\">\n\t\t\t\t<div class=\"elementor-element elementor-element-eef7281 elementor-widget elementor-widget-text-editor\" data-id=\"eef7281\" data-element_type=\"widget\" data-e-type=\"widget\" data-widget_type=\"text-editor.default\">\n\t\t\t\t<div class=\"elementor-widget-container\">\n\t\t\t\t\t\t\t\t\t<p class=\"\" data-start=\"178\" data-end=\"225\">The website operator:<br data-start=\"202\" data-end=\"205\" \/><strong data-start=\"205\" data-end=\"225\">Well Pharma Kft.<\/strong><\/p><p class=\"\" data-start=\"227\" data-end=\"598\"><strong data-start=\"227\" data-end=\"240\">Headquarters:<\/strong> 1118 Budapest, Buda\u00f6rsi \u00fat 41. fsz. 2.<br data-start=\"279\" data-end=\"282\" \/><strong data-start=\"282\" data-end=\"301\">Company registration number:<\/strong> 01-09-981084<br data-start=\"314\" data-end=\"317\" \/><strong data-start=\"317\" data-end=\"329\">Tax number:<\/strong> 23386392-2-43<br data-start=\"343\" data-end=\"346\" \/><strong data-start=\"346\" data-end=\"361\">Commercial Court:<\/strong> F\u0151v\u00e1rosi T\u00f6rv\u00e9nysz\u00e9k C\u00e9gb\u00edr\u00f3s\u00e1ga<br data-start=\"394\" data-end=\"397\" \/><strong data-start=\"397\" data-end=\"423\" data-is-only-node=\"\">Authorized to represent:<\/strong> Vigh Levente<br data-start=\"433\" data-end=\"436\" \/><strong data-start=\"436\" data-end=\"447\">E-mail:<\/strong> hello@flatflips.hu<br data-start=\"480\" data-end=\"483\" \/><strong data-start=\"483\" data-end=\"495\">Phone:<\/strong> +36 20 931 3063<br data-start=\"513\" data-end=\"516\" \/><strong data-start=\"516\" data-end=\"529\">Website:<\/strong> <a class=\"\" href=\"https:\/\/flatflips.hu\/en\/\" target=\"_new\" rel=\"noopener\" data-start=\"530\" data-end=\"574\">https:\/\/flatflips.hu<\/a><\/p><p class=\"\" data-start=\"600\" data-end=\"844\">All content (text, images, graphics, logos, etc.) appearing on the website is the intellectual property of Well Pharma Kft. or has been used with the appropriate authorization. Copying, distributing or using them without permission is prohibited.<\/p><p class=\"\" data-start=\"846\" data-end=\"981\">The website is for informational purposes only and does not constitute an offer or advice. Contact information is for informational purposes only.<\/p>\t\t\t\t\t\t\t\t<\/div>\n\t\t\t\t<\/div>\n\t\t\t\t\t<\/div>\n\t\t\t\t<\/div>\n\t\t\t\t<\/div>","protected":false},"excerpt":{"rendered":"<p>IMPRESSZUM A weboldal \u00fczemeltet\u0151je:Well Pharma Kft. Sz\u00e9khely: 1118 Budapest, Buda\u00f6rsi \u00fat 41. fsz. 2.C\u00e9gjegyz\u00e9ksz\u00e1m: 01-09-981084Ad\u00f3sz\u00e1m: 23386392-2-43C\u00e9gb\u00edr\u00f3s\u00e1g: F\u0151v\u00e1rosi T\u00f6rv\u00e9nysz\u00e9k C\u00e9gb\u00edr\u00f3s\u00e1gaK\u00e9pviseletre jogosult: Vigh LeventeE-mail: hello@flatflips.huTelefon: +36 20 931 3063Weboldal: https:\/\/flatflips.hu A weboldalon megjelen\u0151 minden tartalom (sz\u00f6veg, k\u00e9p, grafika, log\u00f3 stb.) a Well Pharma Kft. szellemi tulajdon\u00e1t k\u00e9pezi, vagy a megfelel\u0151 jogosults\u00e1ggal ker\u00fclt felhaszn\u00e1l\u00e1sra. Ezek enged\u00e9ly n\u00e9lk\u00fcli m\u00e1sol\u00e1sa, [&hellip;]<\/p>","protected":false},"author":1,"featured_media":0,"parent":0,"menu_order":0,"comment_status":"closed","ping_status":"closed","template":"","meta":{"site-sidebar-layout":"no-sidebar","site-content-layout":"page-builder","ast-site-content-layout":"full-width-container","site-content-style":"default","site-sidebar-style":"default","ast-global-header-display":"","ast-banner-title-visibility":"","ast-main-header-display":"","ast-hfb-above-header-display":"","ast-hfb-below-header-display":"","ast-hfb-mobile-header-display":"","site-post-title":"disabled","ast-breadcrumbs-content":"","ast-featured-img":"disabled","footer-sml-layout":"","ast-disable-related-posts":"","theme-transparent-header-meta":"","adv-header-id-meta":"","stick-header-meta":"","header-above-stick-meta":"","header-main-stick-meta":"","header-below-stick-meta":"","astra-migrate-meta-layouts":"set","ast-page-background-enabled":"default","ast-page-background-meta":{"desktop":{"background-color":"","background-image":"","background-repeat":"repeat","background-position":"center center","background-size":"auto","background-attachment":"scroll","background-type":"","background-media":"","overlay-type":"","overlay-color":"","overlay-opacity":"","overlay-gradient":""},"tablet":{"background-color":"","background-image":"","background-repeat":"repeat","background-position":"center center","background-size":"auto","background-attachment":"scroll","background-type":"","background-media":"","overlay-type":"","overlay-color":"","overlay-opacity":"","overlay-gradient":""},"mobile":{"background-color":"","background-image":"","background-repeat":"repeat","background-position":"center center","background-size":"auto","background-attachment":"scroll","background-type":"","background-media":"","overlay-type":"","overlay-color":"","overlay-opacity":"","overlay-gradient":""}},"ast-content-background-meta":{"desktop":{"background-color":"var(--ast-global-color-5)","background-image":"","background-repeat":"repeat","background-position":"center center","background-size":"auto","background-attachment":"scroll","background-type":"","background-media":"","overlay-type":"","overlay-color":"","overlay-opacity":"","overlay-gradient":""},"tablet":{"background-color":"var(--ast-global-color-5)","background-image":"","background-repeat":"repeat","background-position":"center center","background-size":"auto","background-attachment":"scroll","background-type":"","background-media":"","overlay-type":"","overlay-color":"","overlay-opacity":"","overlay-gradient":""},"mobile":{"background-color":"var(--ast-global-color-5)","background-image":"","background-repeat":"repeat","background-position":"center center","background-size":"auto","background-attachment":"scroll","background-type":"","background-media":"","overlay-type":"","overlay-color":"","overlay-opacity":"","overlay-gradient":""}},"footnotes":""},"class_list":["post-1487","page","type-page","status-publish","hentry"],"_links":{"self":[{"href":"https:\/\/flatflips.hu\/en\/wp-json\/wp\/v2\/pages\/1487","targetHints":{"allow":["GET"]}}],"collection":[{"href":"https:\/\/flatflips.hu\/en\/wp-json\/wp\/v2\/pages"}],"about":[{"href":"https:\/\/flatflips.hu\/en\/wp-json\/wp\/v2\/types\/page"}],"author":[{"embeddable":true,"href":"https:\/\/flatflips.hu\/en\/wp-json\/wp\/v2\/users\/1"}],"replies":[{"embeddable":true,"href":"https:\/\/flatflips.hu\/en\/wp-json\/wp\/v2\/comments?post=1487"}],"version-history":[{"count":17,"href":"https:\/\/flatflips.hu\/en\/wp-json\/wp\/v2\/pages\/1487\/revisions"}],"predecessor-version":[{"id":1745,"href":"https:\/\/flatflips.hu\/en\/wp-json\/wp\/v2\/pages\/1487\/revisions\/1745"}],"wp:attachment":[{"href":"https:\/\/flatflips.hu\/en\/wp-json\/wp\/v2\/media?parent=1487"}],"curies":[{"name":"wp","href":"https:\/\/api.w.org\/{rel}","templated":true}]}}