{"id":1504,"date":"2025-04-28T17:07:36","date_gmt":"2025-04-28T17:07:36","guid":{"rendered":"https:\/\/flatflips.hu\/?page_id=1504"},"modified":"2025-04-30T16:10:26","modified_gmt":"2025-04-30T16:10:26","slug":"aszf","status":"publish","type":"page","link":"https:\/\/flatflips.hu\/en\/aszf\/","title":{"rendered":"GTC"},"content":{"rendered":"<div data-elementor-type=\"wp-page\" data-elementor-id=\"1504\" class=\"elementor elementor-1504\" data-elementor-post-type=\"page\">\n\t\t\t\t<div class=\"elementor-element elementor-element-f944d47 e-flex e-con-boxed e-con e-parent\" data-id=\"f944d47\" data-element_type=\"container\" data-e-type=\"container\">\n\t\t\t\t\t<div class=\"e-con-inner\">\n\t\t<div class=\"elementor-element elementor-element-37ca8bd e-con-full e-flex e-con e-child\" data-id=\"37ca8bd\" data-element_type=\"container\" data-e-type=\"container\">\n\t\t<div class=\"elementor-element elementor-element-7a47d96 e-con-full e-flex e-con e-child\" data-id=\"7a47d96\" data-element_type=\"container\" data-e-type=\"container\">\n\t\t\t\t<div class=\"elementor-element elementor-element-a0d0e9d elementor-widget elementor-widget-spacer\" data-id=\"a0d0e9d\" data-element_type=\"widget\" data-e-type=\"widget\" data-widget_type=\"spacer.default\">\n\t\t\t\t<div class=\"elementor-widget-container\">\n\t\t\t\t\t\t\t<div class=\"elementor-spacer\">\n\t\t\t<div class=\"elementor-spacer-inner\"><\/div>\n\t\t<\/div>\n\t\t\t\t\t\t<\/div>\n\t\t\t\t<\/div>\n\t\t\t\t<div class=\"elementor-element elementor-element-a51508f elementor-widget elementor-widget-heading\" data-id=\"a51508f\" data-element_type=\"widget\" data-e-type=\"widget\" data-widget_type=\"heading.default\">\n\t\t\t\t<div class=\"elementor-widget-container\">\n\t\t\t\t\t<h2 class=\"elementor-heading-title elementor-size-default\">GENERAL CONTRACTUAL CONDITIONS (HUN ONLY!)<\/h2>\t\t\t\t<\/div>\n\t\t\t\t<\/div>\n\t\t\t\t<div class=\"elementor-element elementor-element-f5dc31e elementor-widget-divider--view-line elementor-widget elementor-widget-divider\" data-id=\"f5dc31e\" data-element_type=\"widget\" data-e-type=\"widget\" data-widget_type=\"divider.default\">\n\t\t\t\t<div class=\"elementor-widget-container\">\n\t\t\t\t\t\t\t<div class=\"elementor-divider\">\n\t\t\t<span class=\"elementor-divider-separator\">\n\t\t\t\t\t\t<\/span>\n\t\t<\/div>\n\t\t\t\t\t\t<\/div>\n\t\t\t\t<\/div>\n\t\t\t\t<\/div>\n\t\t\t\t<\/div>\n\t\t\t\t\t<\/div>\n\t\t\t\t<\/div>\n\t\t<div class=\"elementor-element elementor-element-facc708 e-flex e-con-boxed e-con e-parent\" data-id=\"facc708\" data-element_type=\"container\" data-e-type=\"container\">\n\t\t\t\t\t<div class=\"e-con-inner\">\n\t\t<div class=\"elementor-element elementor-element-c290aac e-con-full e-flex e-con e-child\" data-id=\"c290aac\" data-element_type=\"container\" data-e-type=\"container\">\n\t\t\t\t<div class=\"elementor-element elementor-element-4c76efa elementor-widget elementor-widget-text-editor\" data-id=\"4c76efa\" data-element_type=\"widget\" data-e-type=\"widget\" data-widget_type=\"text-editor.default\">\n\t\t\t\t<div class=\"elementor-widget-container\">\n\t\t\t\t\t\t\t\t\t<p class=\"\" data-start=\"233\" data-end=\"510\"><strong data-start=\"233\" data-end=\"267\">Effective: from April 30, 2025<\/strong><br data-start=\"267\" data-end=\"270\" \/><strong data-start=\"270\" data-end=\"286\">Service provider:<\/strong> Well Pharma Kft.<br data-start=\"303\" data-end=\"306\" \/><strong data-start=\"306\" data-end=\"319\">Headquarters:<\/strong> 1118 Budapest, Buda\u00f6rsi \u00fat 41. fsz. 2.<br data-start=\"358\" data-end=\"361\" \/><strong data-start=\"361\" data-end=\"380\">Company registration number:<\/strong> 01-09-981084<br data-start=\"393\" data-end=\"396\" \/><strong data-start=\"396\" data-end=\"408\">Tax number:<\/strong> 23386392-2-43<br data-start=\"422\" data-end=\"425\" \/><strong data-start=\"425\" data-end=\"441\">Contact:<\/strong> via the flatflips.hu website, or via the contact details provided there<\/p><h3 class=\"\" data-start=\"512\" data-end=\"540\">1. General information<\/h3><p class=\"\" data-start=\"541\" data-end=\"720\">This document contains the terms and conditions of use of the flatflips.hu website (hereinafter referred to as the Website). By visiting the Website, the user accepts the following terms and conditions.<\/p><h3 class=\"\" data-start=\"722\" data-end=\"749\">2. Nature of service<\/h3><p class=\"\" data-start=\"750\" data-end=\"1099\">Through the Website, visitors receive information about Flatflips products and have the opportunity to contact them by email, telephone or by filling out the contact form.<br data-start=\"928\" data-end=\"931\" \/>On the site <strong data-start=\"944\" data-end=\"1016\">there is no online shopping, ordering, or payment system<\/strong>. The purpose of contacting us is solely to provide information, request a quote or negotiate.<\/p><h3 class=\"\" data-start=\"1101\" data-end=\"1125\">3. Contact<\/h3><p class=\"\" data-start=\"1126\" data-end=\"1225\">Users can contact the Service Provider through the Website in the following ways:<\/p><ul data-start=\"1227\" data-end=\"1337\"><li class=\"\" data-start=\"1227\" data-end=\"1243\"><p class=\"\" data-start=\"1229\" data-end=\"1243\">By email<\/p><\/li><li class=\"\" data-start=\"1244\" data-end=\"1271\"><p class=\"\" data-start=\"1246\" data-end=\"1271\">By phone inquiry<\/p><\/li><li class=\"\" data-start=\"1272\" data-end=\"1337\"><p class=\"\" data-start=\"1274\" data-end=\"1337\">By filling out the contact form (entering your name, email, message)<\/p><\/li><\/ul><p class=\"\" data-start=\"1339\" data-end=\"1409\">Contacting us does not constitute a contract or order.<\/p><h3 class=\"\" data-start=\"1411\" data-end=\"1446\">4. Conclusion of contract<\/h3><p class=\"\" data-start=\"1447\" data-end=\"1667\">If a business agreement is concluded after the contact, the parties will negotiate its details separately in writing or orally. The contract is governed by the provisions of the Civil Code (Act V of 2013).<\/p><h3 class=\"\" data-start=\"1669\" data-end=\"1695\">5. Disclaimer<\/h3><p class=\"\" data-start=\"1696\" data-end=\"1939\">The Service Provider makes every reasonable effort to ensure that the information available on the Website is accurate and up-to-date. We are not responsible for any typos, technical errors or ambiguous content.<\/p><p class=\"\" data-start=\"1941\" data-end=\"2116\">The Service Provider is not liable for any damages arising from the use of the Website (e.g. decisions made based on information, failure to respond when contacting you).<\/p><h3 class=\"\" data-start=\"2118\" data-end=\"2136\">6. Copyright<\/h3><p class=\"\" data-start=\"2137\" data-end=\"2396\">The entire content of the Website \u2013 including texts, images, logos, graphics \u2013 is protected by copyright and is the exclusive property of Well Pharma Ltd. It is prohibited to copy, distribute or use them in whole or in part without permission.<\/p><h3 class=\"\" data-start=\"2398\" data-end=\"2416\">7. Data protection<\/h3><p class=\"\" data-start=\"2417\" data-end=\"2543\">The data processing carried out in connection with the use of the Website is detailed in the Privacy Policy, which is available on the Website.<\/p><h3 class=\"\" data-start=\"2545\" data-end=\"2560\">8. Disputes<\/h3><p class=\"\" data-start=\"2561\" data-end=\"2782\">These GTC are governed by Hungarian law. The parties shall primarily strive to resolve any disputes amicably. If this is unsuccessful, the parties agree to the jurisdiction of the court at the registered office of the Service Provider.<\/p>\t\t\t\t\t\t\t\t<\/div>\n\t\t\t\t<\/div>\n\t\t\t\t<\/div>\n\t\t\t\t\t<\/div>\n\t\t\t\t<\/div>\n\t\t\t\t<\/div>","protected":false},"excerpt":{"rendered":"<p>\u00c1LTAL\u00c1NOS SZERZ\u0150D\u00c9SI FELTL\u00c9TELEK Hat\u00e1lyos: 2025. \u00e1prilis 30-t\u00f3lSzolg\u00e1ltat\u00f3: Well Pharma Kft.Sz\u00e9khely: 1118 Budapest, Buda\u00f6rsi \u00fat 41. fsz. 2.C\u00e9gjegyz\u00e9ksz\u00e1m: 01-09-981084Ad\u00f3sz\u00e1m: 23386392-2-43El\u00e9rhet\u0151s\u00e9g: flatflips.hu oldalon kereszt\u00fcl, vagy az ott megadott el\u00e9rhet\u0151s\u00e9geken 1. \u00c1ltal\u00e1nos inform\u00e1ci\u00f3k Jelen dokumentum a flatflips.hu weboldal (a tov\u00e1bbiakban: Weboldal) haszn\u00e1lat\u00e1nak felt\u00e9teleit tartalmazza. A Weboldal l\u00e1togat\u00e1s\u00e1val a felhaszn\u00e1l\u00f3 elfogadja az al\u00e1bbi felt\u00e9teleket. 2. Szolg\u00e1ltat\u00e1s jellege A Weboldalon [&hellip;]<\/p>","protected":false},"author":1,"featured_media":0,"parent":0,"menu_order":0,"comment_status":"closed","ping_status":"closed","template":"","meta":{"site-sidebar-layout":"no-sidebar","site-content-layout":"page-builder","ast-site-content-layout":"full-width-container","site-content-style":"default","site-sidebar-style":"default","ast-global-header-display":"","ast-banner-title-visibility":"","ast-main-header-display":"","ast-hfb-above-header-display":"","ast-hfb-below-header-display":"","ast-hfb-mobile-header-display":"","site-post-title":"disabled","ast-breadcrumbs-content":"","ast-featured-img":"disabled","footer-sml-layout":"","ast-disable-related-posts":"","theme-transparent-header-meta":"","adv-header-id-meta":"","stick-header-meta":"","header-above-stick-meta":"","header-main-stick-meta":"","header-below-stick-meta":"","astra-migrate-meta-layouts":"set","ast-page-background-enabled":"default","ast-page-background-meta":{"desktop":{"background-color":"","background-image":"","background-repeat":"repeat","background-position":"center center","background-size":"auto","background-attachment":"scroll","background-type":"","background-media":"","overlay-type":"","overlay-color":"","overlay-opacity":"","overlay-gradient":""},"tablet":{"background-color":"","background-image":"","background-repeat":"repeat","background-position":"center center","background-size":"auto","background-attachment":"scroll","background-type":"","background-media":"","overlay-type":"","overlay-color":"","overlay-opacity":"","overlay-gradient":""},"mobile":{"background-color":"","background-image":"","background-repeat":"repeat","background-position":"center center","background-size":"auto","background-attachment":"scroll","background-type":"","background-media":"","overlay-type":"","overlay-color":"","overlay-opacity":"","overlay-gradient":""}},"ast-content-background-meta":{"desktop":{"background-color":"var(--ast-global-color-5)","background-image":"","background-repeat":"repeat","background-position":"center center","background-size":"auto","background-attachment":"scroll","background-type":"","background-media":"","overlay-type":"","overlay-color":"","overlay-opacity":"","overlay-gradient":""},"tablet":{"background-color":"var(--ast-global-color-5)","background-image":"","background-repeat":"repeat","background-position":"center center","background-size":"auto","background-attachment":"scroll","background-type":"","background-media":"","overlay-type":"","overlay-color":"","overlay-opacity":"","overlay-gradient":""},"mobile":{"background-color":"var(--ast-global-color-5)","background-image":"","background-repeat":"repeat","background-position":"center center","background-size":"auto","background-attachment":"scroll","background-type":"","background-media":"","overlay-type":"","overlay-color":"","overlay-opacity":"","overlay-gradient":""}},"footnotes":""},"class_list":["post-1504","page","type-page","status-publish","hentry"],"_links":{"self":[{"href":"https:\/\/flatflips.hu\/en\/wp-json\/wp\/v2\/pages\/1504","targetHints":{"allow":["GET"]}}],"collection":[{"href":"https:\/\/flatflips.hu\/en\/wp-json\/wp\/v2\/pages"}],"about":[{"href":"https:\/\/flatflips.hu\/en\/wp-json\/wp\/v2\/types\/page"}],"author":[{"embeddable":true,"href":"https:\/\/flatflips.hu\/en\/wp-json\/wp\/v2\/users\/1"}],"replies":[{"embeddable":true,"href":"https:\/\/flatflips.hu\/en\/wp-json\/wp\/v2\/comments?post=1504"}],"version-history":[{"count":14,"href":"https:\/\/flatflips.hu\/en\/wp-json\/wp\/v2\/pages\/1504\/revisions"}],"predecessor-version":[{"id":1739,"href":"https:\/\/flatflips.hu\/en\/wp-json\/wp\/v2\/pages\/1504\/revisions\/1739"}],"wp:attachment":[{"href":"https:\/\/flatflips.hu\/en\/wp-json\/wp\/v2\/media?parent=1504"}],"curies":[{"name":"wp","href":"https:\/\/api.w.org\/{rel}","templated":true}]}}