{"id":3,"date":"2025-04-08T12:40:35","date_gmt":"2025-04-08T12:40:35","guid":{"rendered":"https:\/\/flatflips.hu\/?page_id=3"},"modified":"2025-04-30T16:08:52","modified_gmt":"2025-04-30T16:08:52","slug":"adatvedelmi_nyilatkozat","status":"publish","type":"page","link":"https:\/\/flatflips.hu\/en\/adatvedelmi_nyilatkozat\/","title":{"rendered":"Privacy policy"},"content":{"rendered":"<div data-elementor-type=\"wp-page\" data-elementor-id=\"3\" class=\"elementor elementor-3\" data-elementor-post-type=\"page\">\n\t\t\t\t<div class=\"elementor-element elementor-element-2e58c73 e-flex e-con-boxed e-con e-parent\" data-id=\"2e58c73\" data-element_type=\"container\" data-e-type=\"container\">\n\t\t\t\t\t<div class=\"e-con-inner\">\n\t\t<div class=\"elementor-element elementor-element-559051c e-con-full e-flex e-con e-child\" data-id=\"559051c\" data-element_type=\"container\" data-e-type=\"container\">\n\t\t<div class=\"elementor-element elementor-element-f84f026 e-con-full e-flex e-con e-child\" data-id=\"f84f026\" data-element_type=\"container\" data-e-type=\"container\">\n\t\t\t\t<div class=\"elementor-element elementor-element-c62802d elementor-widget elementor-widget-spacer\" data-id=\"c62802d\" data-element_type=\"widget\" data-e-type=\"widget\" data-widget_type=\"spacer.default\">\n\t\t\t\t<div class=\"elementor-widget-container\">\n\t\t\t\t\t\t\t<div class=\"elementor-spacer\">\n\t\t\t<div class=\"elementor-spacer-inner\"><\/div>\n\t\t<\/div>\n\t\t\t\t\t\t<\/div>\n\t\t\t\t<\/div>\n\t\t\t\t<div class=\"elementor-element elementor-element-f2cb3f9 elementor-widget elementor-widget-heading\" data-id=\"f2cb3f9\" data-element_type=\"widget\" data-e-type=\"widget\" data-widget_type=\"heading.default\">\n\t\t\t\t<div class=\"elementor-widget-container\">\n\t\t\t\t\t<h2 class=\"elementor-heading-title elementor-size-default\">PRIVACY POLICY<\/h2>\t\t\t\t<\/div>\n\t\t\t\t<\/div>\n\t\t\t\t<div class=\"elementor-element elementor-element-fb46679 elementor-widget-divider--view-line elementor-widget elementor-widget-divider\" data-id=\"fb46679\" data-element_type=\"widget\" data-e-type=\"widget\" data-widget_type=\"divider.default\">\n\t\t\t\t<div class=\"elementor-widget-container\">\n\t\t\t\t\t\t\t<div class=\"elementor-divider\">\n\t\t\t<span class=\"elementor-divider-separator\">\n\t\t\t\t\t\t<\/span>\n\t\t<\/div>\n\t\t\t\t\t\t<\/div>\n\t\t\t\t<\/div>\n\t\t\t\t<\/div>\n\t\t\t\t<\/div>\n\t\t\t\t\t<\/div>\n\t\t\t\t<\/div>\n\t\t<div class=\"elementor-element elementor-element-2327dac2 e-flex e-con-boxed e-con e-parent\" data-id=\"2327dac2\" data-element_type=\"container\" data-e-type=\"container\">\n\t\t\t\t\t<div class=\"e-con-inner\">\n\t\t\t\t<div class=\"elementor-element elementor-element-657034e4 elementor-widget elementor-widget-text-editor\" data-id=\"657034e4\" data-element_type=\"widget\" data-e-type=\"widget\" data-widget_type=\"text-editor.default\">\n\t\t\t\t<div class=\"elementor-widget-container\">\n\t\t\t\t\t\t\t\t\t\n<p class=\"\" data-start=\"208\" data-end=\"485\"><strong data-start=\"208\" data-end=\"242\">Effective: from April 30, 2025<\/strong><br data-start=\"242\" data-end=\"245\" \/><strong data-start=\"245\" data-end=\"260\">Data controller:<\/strong> Well Pharma Kft.<br data-start=\"277\" data-end=\"280\" \/><strong data-start=\"280\" data-end=\"293\">Headquarters:<\/strong> 1118 Budapest, Buda\u00f6rsi \u00fat 41. fsz. 2.<br data-start=\"332\" data-end=\"335\" \/><strong data-start=\"335\" data-end=\"354\">Company registration number:<\/strong> 01-09-981084<br data-start=\"367\" data-end=\"370\" \/><strong data-start=\"370\" data-end=\"382\">Tax number:<\/strong> 23386392-2-43<br data-start=\"396\" data-end=\"399\" \/><strong data-start=\"399\" data-end=\"413\">Contact:<\/strong> via the flatflips.hu website, or via the contact details provided there<\/p>\n<h3 class=\"wp-block-heading\" data-start=\"487\" data-end=\"513\">1. Purpose of the information<\/h3>\n<p class=\"\" data-start=\"514\" data-end=\"686\">The purpose of this data management notice is to explain how we handle users' personal data when they contact us through flatflips.hu.<\/p>\n<h3 class=\"\" data-start=\"688\" data-end=\"723\">2. Scope of processed personal data<\/h3>\n<p class=\"\" data-start=\"724\" data-end=\"854\">If the user fills out the contact form on the site or sends an email, we process the following personal data:<\/p>\n<ul data-start=\"856\" data-end=\"933\">\n<li class=\"\" data-start=\"856\" data-end=\"863\">\n<p class=\"\" data-start=\"858\" data-end=\"863\">Name<\/p>\n<\/li>\n<li class=\"\" data-start=\"864\" data-end=\"878\">\n<p class=\"\" data-start=\"866\" data-end=\"878\">E-mail<\/p>\n<\/li>\n<li class=\"\" data-start=\"879\" data-end=\"898\">\n<p class=\"\" data-start=\"881\" data-end=\"898\">Message content<\/p>\n<\/li>\n<li class=\"\" data-start=\"899\" data-end=\"933\">\n<p class=\"\" data-start=\"901\" data-end=\"933\">Phone number (if provided)<\/p>\n<\/li>\n<\/ul>\n<p class=\"\" data-start=\"935\" data-end=\"1109\">Additionally, data collected automatically during your visit to the website (e.g. IP address, device information) may also be recorded through the use of Google Analytics and Meta Pixel.<\/p>\n<h3 class=\"\" data-start=\"1111\" data-end=\"1151\">3. Purpose and legal basis of data processing<\/h3>\n<p class=\"\" data-start=\"1152\" data-end=\"1173\">The purpose of data processing is:<\/p>\n<ul data-start=\"1175\" data-end=\"1355\">\n<li class=\"\" data-start=\"1175\" data-end=\"1216\">\n<p class=\"\" data-start=\"1177\" data-end=\"1216\">Contacting the user<\/p>\n<\/li>\n<li class=\"\" data-start=\"1217\" data-end=\"1257\">\n<p class=\"\" data-start=\"1219\" data-end=\"1257\">Providing a quote or information<\/p>\n<\/li>\n<li class=\"\" data-start=\"1258\" data-end=\"1280\">\n<p class=\"\" data-start=\"1260\" data-end=\"1280\">Appointment scheduling<\/p>\n<\/li>\n<li class=\"\" data-start=\"1281\" data-end=\"1355\">\n<p class=\"\" data-start=\"1283\" data-end=\"1355\">Marketing and statistical analyses (Google Analytics, Meta Pixel)<\/p>\n<\/li>\n<\/ul>\n<p class=\"\" data-start=\"1357\" data-end=\"1557\">The legal basis for data processing is the consent of the data subject (Article 6 (1) (a) of the GDPR) and our legitimate interest in analyzing website traffic for statistical purposes (Article 6 (1) (f) of the GDPR).<\/p>\n<h3 class=\"\" data-start=\"1559\" data-end=\"1594\">4. Data retention period<\/h3>\n<p class=\"\" data-start=\"1595\" data-end=\"1833\">A kapcsolati \u0171rlapon vagy e-mailen kereszt\u00fcl megadott adatokat a kapcsolatfelv\u00e9telt k\u00f6vet\u0151en legfeljebb <strong data-start=\"1699\" data-end=\"1709\">3 \u00e9vig<\/strong> We store the data if no business relationship is established. If the purpose of the data processing ceases earlier, the data will be deleted.<\/p>\n<h3 class=\"\" data-start=\"1835\" data-end=\"1877\">5. Data transfer, data processors<\/h3>\n<p class=\"\" data-start=\"1878\" data-end=\"2069\">Only authorized employees of Well Pharma Kft. have access to personal data. During the technical operation of the site, the following service providers may act as data processors:<\/p>\n<ul data-start=\"2071\" data-end=\"2289\">\n<li class=\"\" data-start=\"2071\" data-end=\"2105\">\n<p class=\"\" data-start=\"2073\" data-end=\"2105\">Web hosting provider (storage)<\/p>\n<\/li>\n<li class=\"\" data-start=\"2106\" data-end=\"2202\">\n<p class=\"\" data-start=\"2108\" data-end=\"2202\">Google LLC \u2013 Google Analytics (USA, data transfer to the USA, with compliance guarantees)<\/p>\n<\/li>\n<li class=\"\" data-start=\"2203\" data-end=\"2289\">\n<p class=\"\" data-start=\"2205\" data-end=\"2289\">Meta Platforms Ireland Ltd. \u2013 Meta Pixel (EU\/US, based on compliance mechanism)<\/p>\n<\/li>\n<\/ul>\n<h3 class=\"\" data-start=\"2291\" data-end=\"2317\">6. Rights of data subjects<\/h3>\n<p class=\"\" data-start=\"2318\" data-end=\"2361\">The user has the following rights:<\/p>\n<ul data-start=\"2363\" data-end=\"2708\">\n<li class=\"\" data-start=\"2363\" data-end=\"2405\">\n<p class=\"\" data-start=\"2365\" data-end=\"2405\">Request information about the data processed<\/p>\n<\/li>\n<li class=\"\" data-start=\"2406\" data-end=\"2451\">\n<p class=\"\" data-start=\"2408\" data-end=\"2451\">Request access to data stored about you<\/p>\n<\/li>\n<li class=\"\" data-start=\"2452\" data-end=\"2500\">\n<p class=\"\" data-start=\"2454\" data-end=\"2500\">Correction, deletion, restriction of data processing<\/p>\n<\/li>\n<li class=\"\" data-start=\"2501\" data-end=\"2530\">\n<p class=\"\" data-start=\"2503\" data-end=\"2530\">Withdraw consent<\/p>\n<\/li>\n<li class=\"\" data-start=\"2531\" data-end=\"2708\">\n<p class=\"\" data-start=\"2533\" data-end=\"2614\">Right to complain to the National Data Protection and Freedom of Information Authority (NAIH)<\/p>\n<ul data-start=\"2618\" data-end=\"2708\">\n<li class=\"\" data-start=\"2618\" data-end=\"2663\">\n<p class=\"\" data-start=\"2620\" data-end=\"2663\">Address: 1055 Budapest, Falk Miksa Street 9-11.<\/p>\n<\/li>\n<li class=\"\" data-start=\"2667\" data-end=\"2708\">\n<p class=\"\" data-start=\"2669\" data-end=\"2708\">Web: <a class=\"\" href=\"https:\/\/www.naih.hu\" target=\"_new\" rel=\"noopener\" data-start=\"2674\" data-end=\"2708\">www.naih.hu<\/a><\/p>\n<\/li>\n<\/ul>\n<\/li>\n<\/ul>\n<h3 class=\"\" data-start=\"2710\" data-end=\"2740\">7. Cookies and tracking codes<\/h3>\n<p class=\"\" data-start=\"2741\" data-end=\"3044\">The flatflips.hu website uses cookies to improve the visitor experience and for statistical purposes. Visitors can control their permission in their browser settings. The website uses Google Analytics and Meta Pixel codes, which automatically collect statistical and marketing data.<\/p>\t\t\t\t\t\t\t\t<\/div>\n\t\t\t\t<\/div>\n\t\t\t\t\t<\/div>\n\t\t\t\t<\/div>\n\t\t\t\t<\/div>","protected":false},"excerpt":{"rendered":"<p>ADATV\u00c9DELMI NYILATKOZAT Hat\u00e1lyos: 2025. \u00e1prilis 30-t\u00f3lAdatkezel\u0151: Well Pharma Kft.Sz\u00e9khely: 1118 Budapest, Buda\u00f6rsi \u00fat 41. fsz. 2.C\u00e9gjegyz\u00e9ksz\u00e1m: 01-09-981084Ad\u00f3sz\u00e1m: 23386392-2-43Kapcsolat: flatflips.hu weboldalon kereszt\u00fcl, vagy az ott megadott el\u00e9rhet\u0151s\u00e9geken 1. A t\u00e1j\u00e9koztat\u00f3 c\u00e9lja A jelen adatkezel\u00e9si t\u00e1j\u00e9koztat\u00f3 c\u00e9lja, hogy bemutassa, hogyan kezelj\u00fck a felhaszn\u00e1l\u00f3k szem\u00e9lyes adatait, amikor kapcsolatba l\u00e9pnek vel\u00fcnk a flatflips.hu oldalon kereszt\u00fcl. 2. Kezelt szem\u00e9lyes adatok [&hellip;]<\/p>","protected":false},"author":1,"featured_media":0,"parent":0,"menu_order":0,"comment_status":"closed","ping_status":"closed","template":"","meta":{"site-sidebar-layout":"default","site-content-layout":"","ast-site-content-layout":"default","site-content-style":"default","site-sidebar-style":"default","ast-global-header-display":"","ast-banner-title-visibility":"","ast-main-header-display":"","ast-hfb-above-header-display":"","ast-hfb-below-header-display":"","ast-hfb-mobile-header-display":"","site-post-title":"","ast-breadcrumbs-content":"","ast-featured-img":"","footer-sml-layout":"","ast-disable-related-posts":"","theme-transparent-header-meta":"","adv-header-id-meta":"","stick-header-meta":"","header-above-stick-meta":"","header-main-stick-meta":"","header-below-stick-meta":"","astra-migrate-meta-layouts":"default","ast-page-background-enabled":"default","ast-page-background-meta":{"desktop":{"background-color":"","background-image":"","background-repeat":"repeat","background-position":"center center","background-size":"auto","background-attachment":"scroll","background-type":"","background-media":"","overlay-type":"","overlay-color":"","overlay-opacity":"","overlay-gradient":""},"tablet":{"background-color":"","background-image":"","background-repeat":"repeat","background-position":"center center","background-size":"auto","background-attachment":"scroll","background-type":"","background-media":"","overlay-type":"","overlay-color":"","overlay-opacity":"","overlay-gradient":""},"mobile":{"background-color":"","background-image":"","background-repeat":"repeat","background-position":"center center","background-size":"auto","background-attachment":"scroll","background-type":"","background-media":"","overlay-type":"","overlay-color":"","overlay-opacity":"","overlay-gradient":""}},"ast-content-background-meta":{"desktop":{"background-color":"var(--ast-global-color-5)","background-image":"","background-repeat":"repeat","background-position":"center center","background-size":"auto","background-attachment":"scroll","background-type":"","background-media":"","overlay-type":"","overlay-color":"","overlay-opacity":"","overlay-gradient":""},"tablet":{"background-color":"var(--ast-global-color-5)","background-image":"","background-repeat":"repeat","background-position":"center center","background-size":"auto","background-attachment":"scroll","background-type":"","background-media":"","overlay-type":"","overlay-color":"","overlay-opacity":"","overlay-gradient":""},"mobile":{"background-color":"var(--ast-global-color-5)","background-image":"","background-repeat":"repeat","background-position":"center center","background-size":"auto","background-attachment":"scroll","background-type":"","background-media":"","overlay-type":"","overlay-color":"","overlay-opacity":"","overlay-gradient":""}},"footnotes":""},"class_list":["post-3","page","type-page","status-publish","hentry"],"_links":{"self":[{"href":"https:\/\/flatflips.hu\/en\/wp-json\/wp\/v2\/pages\/3","targetHints":{"allow":["GET"]}}],"collection":[{"href":"https:\/\/flatflips.hu\/en\/wp-json\/wp\/v2\/pages"}],"about":[{"href":"https:\/\/flatflips.hu\/en\/wp-json\/wp\/v2\/types\/page"}],"author":[{"embeddable":true,"href":"https:\/\/flatflips.hu\/en\/wp-json\/wp\/v2\/users\/1"}],"replies":[{"embeddable":true,"href":"https:\/\/flatflips.hu\/en\/wp-json\/wp\/v2\/comments?post=3"}],"version-history":[{"count":10,"href":"https:\/\/flatflips.hu\/en\/wp-json\/wp\/v2\/pages\/3\/revisions"}],"predecessor-version":[{"id":1736,"href":"https:\/\/flatflips.hu\/en\/wp-json\/wp\/v2\/pages\/3\/revisions\/1736"}],"wp:attachment":[{"href":"https:\/\/flatflips.hu\/en\/wp-json\/wp\/v2\/media?parent=3"}],"curies":[{"name":"wp","href":"https:\/\/api.w.org\/{rel}","templated":true}]}}